{"id":97868,"date":"2021-03-24T14:06:58","date_gmt":"2021-03-24T14:06:58","guid":{"rendered":"https:\/\/www.snapwhole.com\/index.php\/luis-carlos-lopez-1992-2012-obituary\/"},"modified":"2023-01-17T01:05:10","modified_gmt":"2023-01-17T01:05:10","slug":"luis-carlos-lopez-1992-2012-obituary","status":"publish","type":"page","link":"https:\/\/www.snapwhole.com\/index.php\/luis-carlos-lopez-1992-2012-obituary\/","title":{"rendered":"Luis Carlos L\u00f2pez 1992-2012 Obituary"},"content":{"rendered":"<center><a style=\"color:Tomato; \" href=\"https:\/\/www.snapwhole.com\/index.php\/randolph-county-west-virginia-area-obituaries\/\">Return to Randolph County Area Obituaries Home Page<\/a><\/center><br><br>\r\n<p>Luis Carlos L\u00f2pez, age 19, of Buckhannon, WV died Friday, April 13, 2012 at his home. He was born November 26, 1992 in El Paso, TX a son of Juan M. and Ana Gloria Bola\u00f1os L\u00f2pez of Buckhannon. He is also survived by one sister, Gina L\u00f2pez of CA; two brothers Juan L\u00f2pez, Jr. and wife Claudia of San Antonio, TX and Carlos A. L\u00f2pez and wife Dora of Austin, TX; paternal grandmother, Rachel Carmona of Mexico; aunts and uncles, Sal, Virginia, Grace, Herb and Rose Carmona all of Buckhannon, Bill and Carmina DuBrowa, Raul and Maria Martinez and Rafael Bola\u00f1os all of CA; girlfriend, Carly Hyre of Buckhannon and several cousins. Luis was a student at Fairmont State University, majoring in business and culinary arts and a member of the Holy Rosary Catholic Church in Buckhannon. He was employed by Lowes of Buckhannon. Luis enjoyed playing all sports and spending time with his family and his numerous friends. He will be greatly missed by all. Friends will be received at the Poling-st. Clair Funeral Home Monday, April 16, 2012 from 5-9 PM, with a Rosary service at 8:30 PM. A Mass Of Christian Burial will be held 10 AM Tuesday at the Holy Rosary Catholic Church with Father Ronald Nikodem and Father Armando L\u00f2pez Carmona as Celebrants.   Poling-st. Clair Funeral Home is in charge of the arrangements.<\/p><center><a style=\"color:Tomato; \" href=\"https:\/\/www.snapwhole.com\/index.php\/randolph-county-west-virginia-area-obituaries\/\">Return to Randolph County Area Obituaries Home Page<\/a><\/center><br><br><div class=\"pvc_clear\"><\/div><p id=\"pvc_stats_97868\" class=\"pvc_stats all  \" data-element-id=\"97868\" style=\"\"><i class=\"pvc-stats-icon medium\" aria-hidden=\"true\"><svg aria-hidden=\"true\" focusable=\"false\" data-prefix=\"far\" data-icon=\"chart-bar\" role=\"img\" xmlns=\"http:\/\/www.w3.org\/2000\/svg\" viewBox=\"0 0 512 512\" class=\"svg-inline--fa fa-chart-bar fa-w-16 fa-2x\"><path fill=\"currentColor\" d=\"M396.8 352h22.4c6.4 0 12.8-6.4 12.8-12.8V108.8c0-6.4-6.4-12.8-12.8-12.8h-22.4c-6.4 0-12.8 6.4-12.8 12.8v230.4c0 6.4 6.4 12.8 12.8 12.8zm-192 0h22.4c6.4 0 12.8-6.4 12.8-12.8V140.8c0-6.4-6.4-12.8-12.8-12.8h-22.4c-6.4 0-12.8 6.4-12.8 12.8v198.4c0 6.4 6.4 12.8 12.8 12.8zm96 0h22.4c6.4 0 12.8-6.4 12.8-12.8V204.8c0-6.4-6.4-12.8-12.8-12.8h-22.4c-6.4 0-12.8 6.4-12.8 12.8v134.4c0 6.4 6.4 12.8 12.8 12.8zM496 400H48V80c0-8.84-7.16-16-16-16H16C7.16 64 0 71.16 0 80v336c0 17.67 14.33 32 32 32h464c8.84 0 16-7.16 16-16v-16c0-8.84-7.16-16-16-16zm-387.2-48h22.4c6.4 0 12.8-6.4 12.8-12.8v-70.4c0-6.4-6.4-12.8-12.8-12.8h-22.4c-6.4 0-12.8 6.4-12.8 12.8v70.4c0 6.4 6.4 12.8 12.8 12.8z\" class=\"\"><\/path><\/svg><\/i> <img loading=\"lazy\" decoding=\"async\" width=\"16\" height=\"16\" alt=\"Loading\" src=\"https:\/\/www.snapwhole.com\/wp-content\/plugins\/page-views-count\/ajax-loader-2x.gif\" border=0 \/><\/p><div class=\"pvc_clear\"><\/div>","protected":false},"excerpt":{"rendered":"<p>Return to Randolph County Area Obituaries Home Page Luis Carlos L\u00f2pez, age 19, of Buckhannon, WV died Friday, April 13, 2012 at his home. He was born November 26, 1992 in El Paso, TX a son of Juan M. and Ana Gloria Bola\u00f1os L\u00f2pez of Buckhannon. He is also survived by one sister, Gina L\u00f2pez [&hellip;]<\/p>\n<div class=\"pvc_clear\"><\/div>\n<p id=\"pvc_stats_97868\" class=\"pvc_stats all  \" data-element-id=\"97868\" style=\"\"><i class=\"pvc-stats-icon medium\" aria-hidden=\"true\"><svg aria-hidden=\"true\" focusable=\"false\" data-prefix=\"far\" data-icon=\"chart-bar\" role=\"img\" xmlns=\"http:\/\/www.w3.org\/2000\/svg\" viewBox=\"0 0 512 512\" class=\"svg-inline--fa fa-chart-bar fa-w-16 fa-2x\"><path fill=\"currentColor\" d=\"M396.8 352h22.4c6.4 0 12.8-6.4 12.8-12.8V108.8c0-6.4-6.4-12.8-12.8-12.8h-22.4c-6.4 0-12.8 6.4-12.8 12.8v230.4c0 6.4 6.4 12.8 12.8 12.8zm-192 0h22.4c6.4 0 12.8-6.4 12.8-12.8V140.8c0-6.4-6.4-12.8-12.8-12.8h-22.4c-6.4 0-12.8 6.4-12.8 12.8v198.4c0 6.4 6.4 12.8 12.8 12.8zm96 0h22.4c6.4 0 12.8-6.4 12.8-12.8V204.8c0-6.4-6.4-12.8-12.8-12.8h-22.4c-6.4 0-12.8 6.4-12.8 12.8v134.4c0 6.4 6.4 12.8 12.8 12.8zM496 400H48V80c0-8.84-7.16-16-16-16H16C7.16 64 0 71.16 0 80v336c0 17.67 14.33 32 32 32h464c8.84 0 16-7.16 16-16v-16c0-8.84-7.16-16-16-16zm-387.2-48h22.4c6.4 0 12.8-6.4 12.8-12.8v-70.4c0-6.4-6.4-12.8-12.8-12.8h-22.4c-6.4 0-12.8 6.4-12.8 12.8v70.4c0 6.4 6.4 12.8 12.8 12.8z\" class=\"\"><\/path><\/svg><\/i> <img loading=\"lazy\" decoding=\"async\" width=\"16\" height=\"16\" alt=\"Loading\" src=\"https:\/\/www.snapwhole.com\/wp-content\/plugins\/page-views-count\/ajax-loader-2x.gif\" border=0 \/><\/p>\n<div class=\"pvc_clear\"><\/div>\n","protected":false},"author":1,"featured_media":0,"parent":0,"menu_order":0,"comment_status":"open","ping_status":"closed","template":"","meta":{"footnotes":""},"a3_pvc":{"activated":true,"total_views":201,"today_views":0},"yoast_head":"<!-- This site is optimized with the Yoast SEO plugin v23.5 - https:\/\/yoast.com\/wordpress\/plugins\/seo\/ -->\n<title>Luis Carlos L\u00f2pez 1992-2012 Obituary - SnapWhole.com<\/title>\n<meta name=\"description\" content=\"Luis Carlos L\u00f2pez 1992-2012 Obituary\" \/>\n<meta name=\"robots\" content=\"index, follow, max-snippet:-1, max-image-preview:large, max-video-preview:-1\" \/>\n<link rel=\"canonical\" href=\"https:\/\/www.snapwhole.com\/index.php\/luis-carlos-lopez-1992-2012-obituary\/\" \/>\n<meta property=\"og:locale\" content=\"en_US\" \/>\n<meta property=\"og:type\" content=\"article\" \/>\n<meta property=\"og:title\" content=\"Luis Carlos L\u00f2pez 1992-2012 Obituary - SnapWhole.com\" \/>\n<meta property=\"og:description\" content=\"Luis Carlos L\u00f2pez 1992-2012 Obituary\" \/>\n<meta property=\"og:url\" content=\"https:\/\/www.snapwhole.com\/index.php\/luis-carlos-lopez-1992-2012-obituary\/\" \/>\n<meta property=\"og:site_name\" content=\"SnapWhole.com\" \/>\n<meta property=\"article:modified_time\" content=\"2023-01-17T01:05:10+00:00\" \/>\n<meta name=\"twitter:card\" content=\"summary_large_image\" \/>\n<meta name=\"twitter:label1\" content=\"Est. reading time\" \/>\n\t<meta name=\"twitter:data1\" content=\"1 minute\" \/>\n<script type=\"application\/ld+json\" class=\"yoast-schema-graph\">{\"@context\":\"https:\/\/schema.org\",\"@graph\":[{\"@type\":\"WebPage\",\"@id\":\"https:\/\/www.snapwhole.com\/index.php\/luis-carlos-lopez-1992-2012-obituary\/\",\"url\":\"https:\/\/www.snapwhole.com\/index.php\/luis-carlos-lopez-1992-2012-obituary\/\",\"name\":\"Luis Carlos L\u00f2pez 1992-2012 Obituary - SnapWhole.com\",\"isPartOf\":{\"@id\":\"https:\/\/www.snapwhole.com\/#website\"},\"datePublished\":\"2021-03-24T14:06:58+00:00\",\"dateModified\":\"2023-01-17T01:05:10+00:00\",\"description\":\"Luis Carlos L\u00f2pez 1992-2012 Obituary\",\"breadcrumb\":{\"@id\":\"https:\/\/www.snapwhole.com\/index.php\/luis-carlos-lopez-1992-2012-obituary\/#breadcrumb\"},\"inLanguage\":\"en-US\",\"potentialAction\":[{\"@type\":\"ReadAction\",\"target\":[\"https:\/\/www.snapwhole.com\/index.php\/luis-carlos-lopez-1992-2012-obituary\/\"]}]},{\"@type\":\"BreadcrumbList\",\"@id\":\"https:\/\/www.snapwhole.com\/index.php\/luis-carlos-lopez-1992-2012-obituary\/#breadcrumb\",\"itemListElement\":[{\"@type\":\"ListItem\",\"position\":1,\"name\":\"Home\",\"item\":\"https:\/\/www.snapwhole.com\/\"},{\"@type\":\"ListItem\",\"position\":2,\"name\":\"Luis Carlos L\u00f2pez 1992-2012 Obituary\"}]},{\"@type\":\"WebSite\",\"@id\":\"https:\/\/www.snapwhole.com\/#website\",\"url\":\"https:\/\/www.snapwhole.com\/\",\"name\":\"SnapWhole.com\",\"description\":\"Your Cool Refreshing Eclectic Destination\",\"publisher\":{\"@id\":\"https:\/\/www.snapwhole.com\/#organization\"},\"potentialAction\":[{\"@type\":\"SearchAction\",\"target\":{\"@type\":\"EntryPoint\",\"urlTemplate\":\"https:\/\/www.snapwhole.com\/?s={search_term_string}\"},\"query-input\":{\"@type\":\"PropertyValueSpecification\",\"valueRequired\":true,\"valueName\":\"search_term_string\"}}],\"inLanguage\":\"en-US\"},{\"@type\":\"Organization\",\"@id\":\"https:\/\/www.snapwhole.com\/#organization\",\"name\":\"Snapwhole\",\"url\":\"https:\/\/www.snapwhole.com\/\",\"logo\":{\"@type\":\"ImageObject\",\"inLanguage\":\"en-US\",\"@id\":\"https:\/\/www.snapwhole.com\/#\/schema\/logo\/image\/\",\"url\":\"https:\/\/www.snapwhole.com\/wp-content\/uploads\/2021\/04\/radioactive.jpg\",\"contentUrl\":\"https:\/\/www.snapwhole.com\/wp-content\/uploads\/2021\/04\/radioactive.jpg\",\"width\":282,\"height\":268,\"caption\":\"Snapwhole\"},\"image\":{\"@id\":\"https:\/\/www.snapwhole.com\/#\/schema\/logo\/image\/\"}}]}<\/script>\n<!-- \/ Yoast SEO plugin. -->","yoast_head_json":{"title":"Luis Carlos L\u00f2pez 1992-2012 Obituary - SnapWhole.com","description":"Luis Carlos L\u00f2pez 1992-2012 Obituary","robots":{"index":"index","follow":"follow","max-snippet":"max-snippet:-1","max-image-preview":"max-image-preview:large","max-video-preview":"max-video-preview:-1"},"canonical":"https:\/\/www.snapwhole.com\/index.php\/luis-carlos-lopez-1992-2012-obituary\/","og_locale":"en_US","og_type":"article","og_title":"Luis Carlos L\u00f2pez 1992-2012 Obituary - SnapWhole.com","og_description":"Luis Carlos L\u00f2pez 1992-2012 Obituary","og_url":"https:\/\/www.snapwhole.com\/index.php\/luis-carlos-lopez-1992-2012-obituary\/","og_site_name":"SnapWhole.com","article_modified_time":"2023-01-17T01:05:10+00:00","twitter_card":"summary_large_image","twitter_misc":{"Est. reading time":"1 minute"},"schema":{"@context":"https:\/\/schema.org","@graph":[{"@type":"WebPage","@id":"https:\/\/www.snapwhole.com\/index.php\/luis-carlos-lopez-1992-2012-obituary\/","url":"https:\/\/www.snapwhole.com\/index.php\/luis-carlos-lopez-1992-2012-obituary\/","name":"Luis Carlos L\u00f2pez 1992-2012 Obituary - SnapWhole.com","isPartOf":{"@id":"https:\/\/www.snapwhole.com\/#website"},"datePublished":"2021-03-24T14:06:58+00:00","dateModified":"2023-01-17T01:05:10+00:00","description":"Luis Carlos L\u00f2pez 1992-2012 Obituary","breadcrumb":{"@id":"https:\/\/www.snapwhole.com\/index.php\/luis-carlos-lopez-1992-2012-obituary\/#breadcrumb"},"inLanguage":"en-US","potentialAction":[{"@type":"ReadAction","target":["https:\/\/www.snapwhole.com\/index.php\/luis-carlos-lopez-1992-2012-obituary\/"]}]},{"@type":"BreadcrumbList","@id":"https:\/\/www.snapwhole.com\/index.php\/luis-carlos-lopez-1992-2012-obituary\/#breadcrumb","itemListElement":[{"@type":"ListItem","position":1,"name":"Home","item":"https:\/\/www.snapwhole.com\/"},{"@type":"ListItem","position":2,"name":"Luis Carlos L\u00f2pez 1992-2012 Obituary"}]},{"@type":"WebSite","@id":"https:\/\/www.snapwhole.com\/#website","url":"https:\/\/www.snapwhole.com\/","name":"SnapWhole.com","description":"Your Cool Refreshing Eclectic Destination","publisher":{"@id":"https:\/\/www.snapwhole.com\/#organization"},"potentialAction":[{"@type":"SearchAction","target":{"@type":"EntryPoint","urlTemplate":"https:\/\/www.snapwhole.com\/?s={search_term_string}"},"query-input":{"@type":"PropertyValueSpecification","valueRequired":true,"valueName":"search_term_string"}}],"inLanguage":"en-US"},{"@type":"Organization","@id":"https:\/\/www.snapwhole.com\/#organization","name":"Snapwhole","url":"https:\/\/www.snapwhole.com\/","logo":{"@type":"ImageObject","inLanguage":"en-US","@id":"https:\/\/www.snapwhole.com\/#\/schema\/logo\/image\/","url":"https:\/\/www.snapwhole.com\/wp-content\/uploads\/2021\/04\/radioactive.jpg","contentUrl":"https:\/\/www.snapwhole.com\/wp-content\/uploads\/2021\/04\/radioactive.jpg","width":282,"height":268,"caption":"Snapwhole"},"image":{"@id":"https:\/\/www.snapwhole.com\/#\/schema\/logo\/image\/"}}]}},"_links":{"self":[{"href":"https:\/\/www.snapwhole.com\/index.php\/wp-json\/wp\/v2\/pages\/97868"}],"collection":[{"href":"https:\/\/www.snapwhole.com\/index.php\/wp-json\/wp\/v2\/pages"}],"about":[{"href":"https:\/\/www.snapwhole.com\/index.php\/wp-json\/wp\/v2\/types\/page"}],"author":[{"embeddable":true,"href":"https:\/\/www.snapwhole.com\/index.php\/wp-json\/wp\/v2\/users\/1"}],"replies":[{"embeddable":true,"href":"https:\/\/www.snapwhole.com\/index.php\/wp-json\/wp\/v2\/comments?post=97868"}],"version-history":[{"count":0,"href":"https:\/\/www.snapwhole.com\/index.php\/wp-json\/wp\/v2\/pages\/97868\/revisions"}],"wp:attachment":[{"href":"https:\/\/www.snapwhole.com\/index.php\/wp-json\/wp\/v2\/media?parent=97868"}],"curies":[{"name":"wp","href":"https:\/\/api.w.org\/{rel}","templated":true}]}}